{"id":15,"date":"2018-09-05T19:21:48","date_gmt":"2018-09-05T19:21:48","guid":{"rendered":"http:\/\/christoph53-rc.de\/?page_id=15"},"modified":"2019-01-16T18:09:03","modified_gmt":"2019-01-16T18:09:03","slug":"wer-bin-ich","status":"publish","type":"page","link":"http:\/\/christoph53-rc.de\/?page_id=15","title":{"rendered":"\u00dcber mich"},"content":{"rendered":"<p>Herzlich Willkommen auf meinem Modellbau-Blog<\/p>\n<p>Ich bin begeisterter RC-Hubschrauberpilot und berichte hier \u00fcber mein neues Projekt.<\/p>\n<p>Eine Maschine der DRF Luftrettung war zwar schon l\u00e4nger geplant, allerdings gab es damals auf dem Markt kaum Angebote f\u00fcr die Umsetzung.<\/p>\n<p>Letztlich wurde es dann im Mai 2011 eine Vario EC-135, im Look der Polizei &#8222;Edelweiss 3&#8220; aus Roth.<\/p>\n<p><iframe loading=\"lazy\" title=\"Polizei EC-135 D-HBYC fliegt mit ADDINOL Hochleistungsschmierstoffen\" width=\"525\" height=\"295\" src=\"https:\/\/www.youtube.com\/embed\/Q1UEAFvOxCs?feature=oembed\" frameborder=\"0\" allow=\"accelerometer; autoplay; clipboard-write; encrypted-media; gyroscope; picture-in-picture; web-share\" referrerpolicy=\"strict-origin-when-cross-origin\" allowfullscreen><\/iframe><\/p>\n<p><img loading=\"lazy\" decoding=\"async\" class=\"alignnone wp-image-152\" src=\"http:\/\/christoph53-rc.de\/wp-content\/uploads\/2018\/09\/IMG_6974-300x225.jpg\" alt=\"\" width=\"578\" height=\"434\" srcset=\"http:\/\/christoph53-rc.de\/wp-content\/uploads\/2018\/09\/IMG_6974-300x225.jpg 300w, http:\/\/christoph53-rc.de\/wp-content\/uploads\/2018\/09\/IMG_6974-768x576.jpg 768w, http:\/\/christoph53-rc.de\/wp-content\/uploads\/2018\/09\/IMG_6974-1024x768.jpg 1024w\" sizes=\"(max-width: 578px) 100vw, 578px\" \/><\/p>\n<p>Der Traum blieb aber immer bestehen.<br>Den Bau einer BK-117 B2 der DRF Luftrettung mit der Kennung D-HTTT .<\/p>\n<p>Diese Maschine war unter anderem als Christoph 53 in Mannheim stationiert, bis Ende 2017.<br>Danach wurde diese Maschine ausser Dienst gestellt und steht bis auf weiteres in der Werft der DRF Luftrettung.<\/p>\n<p>Vor l\u00e4ngerer Zeit war ich zu aktiver Rettungsdienstzeit auch mal auf der D-HTTT. Die Maschinen wechseln ja immer.<br>Doch die D-HTTT war meine Lieblingsmaschine.<\/p>\n<p>Im Januar 2018 war dann der Grundstein f\u00fcr dieses Projekt gelegt worden.<br>Die Zeit von dem Anfang bis zum Start dieses Blog ist im A3Q-Forum dokumentiert: <a href=\"http:\/\/www.a3quattro.de\/index.php?page=Thread&amp;threadID=16065\" target=\"_blank\" rel=\"noopener\">Der BK-117 Blog<\/a><\/p>\n<p>Meine Homebase ist der <a href=\"http:\/\/www.mfsv-schallodenbach.de\/\" target=\"_blank\" rel=\"noopener\">MFSV Schallodenbach <\/a>bei Kaiserslautern, in Sichtn\u00e4he der US Air Base Ramstein.<br><img loading=\"lazy\" decoding=\"async\" class=\"alignnone wp-image-717 size-full\" src=\"http:\/\/christoph53-rc.de\/wp-content\/uploads\/2019\/01\/index.php_.jpg\" alt=\"\" width=\"900\" height=\"506\" srcset=\"http:\/\/christoph53-rc.de\/wp-content\/uploads\/2019\/01\/index.php_.jpg 900w, http:\/\/christoph53-rc.de\/wp-content\/uploads\/2019\/01\/index.php_-300x169.jpg 300w, http:\/\/christoph53-rc.de\/wp-content\/uploads\/2019\/01\/index.php_-768x432.jpg 768w\" sizes=\"(max-width: 767px) 89vw, (max-width: 1000px) 54vw, (max-width: 1071px) 543px, 580px\" \/><br>Ein paar mal im Jahr bin ich aber auch Gast beim <a href=\"http:\/\/www.mfc-Langenhagen.de\">MFC Langenhagen<\/a> bei Hannover.<\/p>\n<p>Hier dann das Objekt meiner Begierde \ud83d\ude42<br>Die BK-117 B2 der DRF Luftrettung mit der Kennung D-HTTT.<\/p>\n<p>&nbsp;<\/p>\n\n\n<figure class=\"wp-block-image\"><img loading=\"lazy\" decoding=\"async\" width=\"960\" height=\"554\" src=\"http:\/\/christoph53-rc.de\/wp-content\/uploads\/2018\/11\/HTTT.jpg\" alt=\"\" class=\"wp-image-451\" srcset=\"http:\/\/christoph53-rc.de\/wp-content\/uploads\/2018\/11\/HTTT.jpg 960w, http:\/\/christoph53-rc.de\/wp-content\/uploads\/2018\/11\/HTTT-300x173.jpg 300w, http:\/\/christoph53-rc.de\/wp-content\/uploads\/2018\/11\/HTTT-768x443.jpg 768w\" sizes=\"(max-width: 767px) 89vw, (max-width: 1000px) 54vw, (max-width: 1071px) 543px, 580px\" \/><figcaption><br>Bildquelle: mit freundlicher Genehmigung von&nbsp;<br>Stefan Bergner \/ SB Foto &amp; Film<\/figcaption><\/figure>\n","protected":false},"excerpt":{"rendered":"<p>Herzlich Willkommen auf meinem Modellbau-Blog Ich bin begeisterter RC-Hubschrauberpilot und berichte hier \u00fcber mein neues Projekt. Eine Maschine der DRF Luftrettung war zwar schon l\u00e4nger geplant, allerdings gab es damals auf dem Markt kaum Angebote f\u00fcr die Umsetzung. Letztlich wurde es dann im Mai 2011 eine Vario EC-135, im Look der Polizei &#8222;Edelweiss 3&#8220; aus &hellip; <\/p>\n<p class=\"link-more\"><a href=\"http:\/\/christoph53-rc.de\/?page_id=15\" class=\"more-link\"><span class=\"screen-reader-text\">\u201e\u00dcber mich\u201c<\/span> weiterlesen<\/a><\/p>\n","protected":false},"author":1,"featured_media":0,"parent":0,"menu_order":0,"comment_status":"closed","ping_status":"closed","template":"","meta":{"ngg_post_thumbnail":0,"footnotes":""},"_links":{"self":[{"href":"http:\/\/christoph53-rc.de\/index.php?rest_route=\/wp\/v2\/pages\/15"}],"collection":[{"href":"http:\/\/christoph53-rc.de\/index.php?rest_route=\/wp\/v2\/pages"}],"about":[{"href":"http:\/\/christoph53-rc.de\/index.php?rest_route=\/wp\/v2\/types\/page"}],"author":[{"embeddable":true,"href":"http:\/\/christoph53-rc.de\/index.php?rest_route=\/wp\/v2\/users\/1"}],"replies":[{"embeddable":true,"href":"http:\/\/christoph53-rc.de\/index.php?rest_route=%2Fwp%2Fv2%2Fcomments&post=15"}],"version-history":[{"count":19,"href":"http:\/\/christoph53-rc.de\/index.php?rest_route=\/wp\/v2\/pages\/15\/revisions"}],"predecessor-version":[{"id":719,"href":"http:\/\/christoph53-rc.de\/index.php?rest_route=\/wp\/v2\/pages\/15\/revisions\/719"}],"wp:attachment":[{"href":"http:\/\/christoph53-rc.de\/index.php?rest_route=%2Fwp%2Fv2%2Fmedia&parent=15"}],"curies":[{"name":"wp","href":"https:\/\/api.w.org\/{rel}","templated":true}]}}