{"id":509,"date":"2018-11-22T17:35:27","date_gmt":"2018-11-22T17:35:27","guid":{"rendered":"http:\/\/christoph53-rc.de\/?page_id=509"},"modified":"2018-11-28T20:38:43","modified_gmt":"2018-11-28T20:38:43","slug":"alben","status":"publish","type":"page","link":"http:\/\/christoph53-rc.de\/?page_id=509","title":{"rendered":"Alben"},"content":{"rendered":"\r\n<p>Seitenbild oben: Mit freundlicher Genehmigung der DRF Luftrettung<br><br><br>In Erinnerung an die gute alte D-HTTT habe ich hier ein paar sch\u00f6ne Bilder in einige Alben platziert.<\/p>\r\n\r\n\r\n\r\n<p>\u00dcber weitere Bilder w\u00fcrde ich mich sehr freuen. <br>Kontaktiert mich bitte, wenn Ihr welche f\u00fcr mein Album habt. Ich w\u00fcrde mich sehr dar\u00fcber freuen, und ver\u00f6ffentliche nat\u00fcrlich Euere Seite und Copyrightvermerke.<br>Leider war ich etwas zu sp\u00e4t mit meinem Baubeginn. Wegen 2 Monaten verpasste ich die Maschine, sonst h\u00e4tte ich selbst noch welche gemacht.<\/p>\r\n<p>&nbsp;<\/p>\r\n<p>\r\n\r\n<\/p>\r\n<p>Das folgende Album enth\u00e4lt Bilder, die mir freundlicherweise die DRF Luftrettung aus Ihrem Flickr-Kanal zur Verf\u00fcgung gestellt hat. Die Erlaubnis hierzu liegt schriftlich vor. Ebenso wurde das Beitragsbild auf dieser Seite (Alben) genehmigt.<br>Link: <a href=\"https:\/\/www.flickr.com\/photos\/drf-luftrettung\/\" target=\"_blank\" rel=\"noreferrer noopener\" aria-label=\"Das folgende Album enth\u00e4lt Bilder, die mir freundlicherweise die DRF Luftrettung aus Ihrem Flickr-Kanal zur Verf\u00fcgung gestellt hat. Die Erlaubnis hierzu liegt schriftlich vor. Ebenso stammt das Beitragsbild dieser Seite von der DRF Luftrettung.\r\nLink: https:\/\/www.flickr.com\/photos\/drf-luftrettung\/ (\u00f6ffnet in neuem Tab)\">https:\/\/www.flickr.com\/photos\/drf-luftrettung\/<\/a><\/p>\r\n<p>\r\n\r\n<\/p>\r\n<p class=\"wp-block-gallery-1 is-layout-flex wp-block-gallery-is-layout-flex\">ngg_shortcode_0_placeholder<\/p>\r\n<p>\r\n\r\n<\/p>\r\n<p>&nbsp;<\/p>\r\n<p>\r\n\r\n<\/p>\r\n<p>&nbsp;<\/p>\r\n<p>\r\n\r\n<\/p>\r\n<p>Das folgende Album enth\u00e4lt Bilder, die mir freundlicherweise die DRF Luftrettung von Ihrer Website zur Verf\u00fcgung gestellt hat. <br>Die Erlaubnis hierzu liegt schriftlich vor. <br>Link: <a href=\"https:\/\/www.drf-luftrettung.de\/de\/leben\/fotos-und-videos\/fotos\" target=\"_blank\" rel=\"noreferrer noopener\" aria-label=\"Das folgende Album enth\u00e4lt Bilder, die mir freundlicherweise die DRF Luftrettung von Ihrer Website zur Verf\u00fcgung gestellt hat. \r\nDie Erlaubnis hierzu liegt schriftlich vor. \r\nLink: DRF-Luftrettung\r\n (\u00f6ffnet in neuem Tab)\">DRF Luftrettung<\/a><\/p>\r\nngg_shortcode_1_placeholder\r\n<p><\/p>\r\n<p>&nbsp;<\/p>","protected":false},"excerpt":{"rendered":"<p>Seitenbild oben: Mit freundlicher Genehmigung der DRF Luftrettung In Erinnerung an die gute alte D-HTTT habe ich hier ein paar sch\u00f6ne Bilder in einige Alben platziert. \u00dcber weitere Bilder w\u00fcrde ich mich sehr freuen. Kontaktiert mich bitte, wenn Ihr welche f\u00fcr mein Album habt. Ich w\u00fcrde mich sehr dar\u00fcber freuen, und ver\u00f6ffentliche nat\u00fcrlich Euere Seite &hellip; <\/p>\n<p class=\"link-more\"><a href=\"http:\/\/christoph53-rc.de\/?page_id=509\" class=\"more-link\"><span class=\"screen-reader-text\">\u201eAlben\u201c<\/span> weiterlesen<\/a><\/p>\n","protected":false},"author":1,"featured_media":483,"parent":0,"menu_order":0,"comment_status":"closed","ping_status":"closed","template":"","meta":{"ngg_post_thumbnail":0,"footnotes":""},"_links":{"self":[{"href":"http:\/\/christoph53-rc.de\/index.php?rest_route=\/wp\/v2\/pages\/509"}],"collection":[{"href":"http:\/\/christoph53-rc.de\/index.php?rest_route=\/wp\/v2\/pages"}],"about":[{"href":"http:\/\/christoph53-rc.de\/index.php?rest_route=\/wp\/v2\/types\/page"}],"author":[{"embeddable":true,"href":"http:\/\/christoph53-rc.de\/index.php?rest_route=\/wp\/v2\/users\/1"}],"replies":[{"embeddable":true,"href":"http:\/\/christoph53-rc.de\/index.php?rest_route=%2Fwp%2Fv2%2Fcomments&post=509"}],"version-history":[{"count":11,"href":"http:\/\/christoph53-rc.de\/index.php?rest_route=\/wp\/v2\/pages\/509\/revisions"}],"predecessor-version":[{"id":607,"href":"http:\/\/christoph53-rc.de\/index.php?rest_route=\/wp\/v2\/pages\/509\/revisions\/607"}],"wp:featuredmedia":[{"embeddable":true,"href":"http:\/\/christoph53-rc.de\/index.php?rest_route=\/wp\/v2\/media\/483"}],"wp:attachment":[{"href":"http:\/\/christoph53-rc.de\/index.php?rest_route=%2Fwp%2Fv2%2Fmedia&parent=509"}],"curies":[{"name":"wp","href":"https:\/\/api.w.org\/{rel}","templated":true}]}}